{"id":1011,"date":"2024-09-30T14:16:25","date_gmt":"2024-09-30T14:16:25","guid":{"rendered":"https:\/\/safire-consortium.org\/safire-mission\/"},"modified":"2024-11-27T16:13:08","modified_gmt":"2024-11-27T16:13:08","slug":"mission-safire","status":"publish","type":"page","link":"https:\/\/safire-consortium.org\/fr\/mission-safire\/","title":{"rendered":"Mission SAFIRE"},"content":{"rendered":"\t\t<div data-elementor-type=\"wp-page\" data-elementor-id=\"1011\" class=\"elementor elementor-1011 elementor-32\" data-elementor-post-type=\"page\">\n\t\t\t\t<div class=\"elementor-element elementor-element-19ea7b7 e-flex e-con-boxed e-con e-parent\" data-id=\"19ea7b7\" data-element_type=\"container\" data-settings=\"{&quot;background_background&quot;:&quot;classic&quot;}\">\n\t\t\t\t\t<div class=\"e-con-inner\">\n\t\t\t\t<div class=\"elementor-element elementor-element-ff4354a elementor-widget elementor-widget-heading\" data-id=\"ff4354a\" data-element_type=\"widget\" data-widget_type=\"heading.default\">\n\t\t\t\t<div class=\"elementor-widget-container\">\n\t\t\t\t\t<h2 class=\"elementor-heading-title elementor-size-default\">SAFIRE mission<\/h2>\t\t\t\t<\/div>\n\t\t\t\t<\/div>\n\t\t\t\t<div class=\"elementor-element elementor-element-01a388f elementor-widget elementor-widget-text-editor\" data-id=\"01a388f\" data-element_type=\"widget\" data-widget_type=\"text-editor.default\">\n\t\t\t\t<div class=\"elementor-widget-container\">\n\t\t\t\t\t\t\t\t\t<p>Chaque ann\u00e9e, plus de 35 millions de grossesses surviennent dans des r\u00e9gions de transmission mod\u00e9r\u00e9e \u00e0 \u00e9lev\u00e9e du paludisme, et plus de 7 millions de grossesses exposent la m\u00e8re et le nouveau-n\u00e9 au paludisme.<\/p><p>Cependant, les grossesses du premier trimestre sont g\u00e9n\u00e9ralement exclues des essais cliniques, ce qui rend les nouveaux antipaludiques indisponibles pendant cette p\u00e9riode critique.<\/p>\t\t\t\t\t\t\t\t<\/div>\n\t\t\t\t<\/div>\n\t\t\t\t\t<\/div>\n\t\t\t\t<\/div>\n\t\t<div class=\"elementor-element elementor-element-1012829 e-flex e-con-boxed e-con e-child\" data-id=\"1012829\" data-element_type=\"container\">\n\t\t\t\t\t<div class=\"e-con-inner\">\n\t\t<div class=\"elementor-element elementor-element-85ecd18 e-con-full e-flex e-con e-child\" data-id=\"85ecd18\" data-element_type=\"container\" data-settings=\"{&quot;background_background&quot;:&quot;classic&quot;}\">\n\t\t\t\t<div class=\"elementor-element elementor-element-616219c elementor-widget elementor-widget-heading\" data-id=\"616219c\" data-element_type=\"widget\" data-widget_type=\"heading.default\">\n\t\t\t\t<div class=\"elementor-widget-container\">\n\t\t\t\t\t<p class=\"elementor-heading-title elementor-size-default\">Chaque ann\u00e9e<\/p>\t\t\t\t<\/div>\n\t\t\t\t<\/div>\n\t\t\t\t<div class=\"elementor-element elementor-element-e957663 elementor-widget elementor-widget-counter\" data-id=\"e957663\" data-element_type=\"widget\" data-widget_type=\"counter.default\">\n\t\t\t\t<div class=\"elementor-widget-container\">\n\t\t\t\t\t\t\t<div class=\"elementor-counter\">\n\t\t\t<div class=\"elementor-counter-title\">de grossesses surviennent dans des r\u00e9gions de transmission mod\u00e9r\u00e9e \u00e0 \u00e9lev\u00e9e du paludisme<\/div>\t\t\t<div class=\"elementor-counter-number-wrapper\">\n\t\t\t\t<span class=\"elementor-counter-number-prefix\"><\/span>\n\t\t\t\t<span class=\"elementor-counter-number\" data-duration=\"2000\" data-to-value=\"35\" data-from-value=\"0\" data-delimiter=\",\">0<\/span>\n\t\t\t\t<span class=\"elementor-counter-number-suffix\">m<\/span>\n\t\t\t<\/div>\n\t\t<\/div>\n\t\t\t\t\t\t<\/div>\n\t\t\t\t<\/div>\n\t\t\t\t<\/div>\n\t\t<div class=\"elementor-element elementor-element-8c4cdbe e-con-full e-flex e-con e-child\" data-id=\"8c4cdbe\" data-element_type=\"container\" data-settings=\"{&quot;background_background&quot;:&quot;classic&quot;}\">\n\t\t\t\t<div class=\"elementor-element elementor-element-b027767 elementor-widget elementor-widget-heading\" data-id=\"b027767\" data-element_type=\"widget\" data-widget_type=\"heading.default\">\n\t\t\t\t<div class=\"elementor-widget-container\">\n\t\t\t\t\t<p class=\"elementor-heading-title elementor-size-default\">Plus de<\/p>\t\t\t\t<\/div>\n\t\t\t\t<\/div>\n\t\t\t\t<div class=\"elementor-element elementor-element-641850d elementor-widget elementor-widget-counter\" data-id=\"641850d\" data-element_type=\"widget\" data-widget_type=\"counter.default\">\n\t\t\t\t<div class=\"elementor-widget-container\">\n\t\t\t\t\t\t\t<div class=\"elementor-counter\">\n\t\t\t<div class=\"elementor-counter-title\">de femmes enceintes sont expos\u00e9es au paludisme au cours du premier trimestre<\/div>\t\t\t<div class=\"elementor-counter-number-wrapper\">\n\t\t\t\t<span class=\"elementor-counter-number-prefix\"><\/span>\n\t\t\t\t<span class=\"elementor-counter-number\" data-duration=\"2000\" data-to-value=\"7\" data-from-value=\"0\" data-delimiter=\",\">0<\/span>\n\t\t\t\t<span class=\"elementor-counter-number-suffix\">m<\/span>\n\t\t\t<\/div>\n\t\t<\/div>\n\t\t\t\t\t\t<\/div>\n\t\t\t\t<\/div>\n\t\t\t\t<\/div>\n\t\t<div class=\"elementor-element elementor-element-90c5c58 e-con-full e-flex e-con e-child\" data-id=\"90c5c58\" data-element_type=\"container\" data-settings=\"{&quot;background_background&quot;:&quot;classic&quot;}\">\n\t\t\t\t<div class=\"elementor-element elementor-element-2a95c7d elementor-widget elementor-widget-heading\" data-id=\"2a95c7d\" data-element_type=\"widget\" data-widget_type=\"heading.default\">\n\t\t\t\t<div class=\"elementor-widget-container\">\n\t\t\t\t\t<p class=\"elementor-heading-title elementor-size-default\">En 2022<\/p>\t\t\t\t<\/div>\n\t\t\t\t<\/div>\n\t\t\t\t<div class=\"elementor-element elementor-element-1faba2f elementor-widget elementor-widget-counter\" data-id=\"1faba2f\" data-element_type=\"widget\" data-widget_type=\"counter.default\">\n\t\t\t\t<div class=\"elementor-widget-container\">\n\t\t\t\t\t\t\t<div class=\"elementor-counter\">\n\t\t\t<div class=\"elementor-counter-title\">de grossesses en Afrique ont \u00e9t\u00e9 expos\u00e9es \u00e0 l'infection paludique<\/div>\t\t\t<div class=\"elementor-counter-number-wrapper\">\n\t\t\t\t<span class=\"elementor-counter-number-prefix\"><\/span>\n\t\t\t\t<span class=\"elementor-counter-number\" data-duration=\"2000\" data-to-value=\"12.7\" data-from-value=\"0\" data-delimiter=\",\">0<\/span>\n\t\t\t\t<span class=\"elementor-counter-number-suffix\">m<\/span>\n\t\t\t<\/div>\n\t\t<\/div>\n\t\t\t\t\t\t<\/div>\n\t\t\t\t<\/div>\n\t\t\t\t<\/div>\n\t\t\t\t\t<\/div>\n\t\t\t\t<\/div>\n\t\t<div class=\"elementor-element elementor-element-433231c e-flex e-con-boxed e-con e-parent\" data-id=\"433231c\" data-element_type=\"container\">\n\t\t\t\t\t<div class=\"e-con-inner\">\n\t\t<div class=\"elementor-element elementor-element-8944ee9 e-con-full e-flex e-con e-child\" data-id=\"8944ee9\" data-element_type=\"container\">\n\t\t\t\t<div class=\"elementor-element elementor-element-0c45093 elementor-widget elementor-widget-heading\" data-id=\"0c45093\" data-element_type=\"widget\" data-widget_type=\"heading.default\">\n\t\t\t\t<div class=\"elementor-widget-container\">\n\t\t\t\t\t<h2 class=\"elementor-heading-title elementor-size-default\">Combler l\u2019\u00e9cart <\/h2>\t\t\t\t<\/div>\n\t\t\t\t<\/div>\n\t\t\t\t<div class=\"elementor-element elementor-element-ca50376 elementor-widget elementor-widget-text-editor\" data-id=\"ca50376\" data-element_type=\"widget\" data-widget_type=\"text-editor.default\">\n\t\t\t\t<div class=\"elementor-widget-container\">\n\t\t\t\t\t\t\t\t\t<p>Le consortium SAFIRE <strong>vise \u00e0 combler les lacunes existantes en mati\u00e8re de donn\u00e9es scientifiques et de traitement pour ce groupe de patients<\/strong> gr\u00e2ce \u00e0 un essai de type plateforme adaptative de phase 3b men\u00e9 dans des zones du Kenya, du Mali, du Burkina Faso, de l\u2019Ouganda et de la R\u00e9publique D\u00e9mocratique du Congo, fortement affect\u00e9es par le paludisme.<\/p>\t\t\t\t\t\t\t\t<\/div>\n\t\t\t\t<\/div>\n\t\t\t\t<\/div>\n\t\t<div class=\"elementor-element elementor-element-ac4e243 e-con-full e-flex e-con e-child\" data-id=\"ac4e243\" data-element_type=\"container\">\n\t\t\t\t<div class=\"elementor-element elementor-element-96fd1f8 elementor-widget elementor-widget-image\" data-id=\"96fd1f8\" data-element_type=\"widget\" data-widget_type=\"image.default\">\n\t\t\t\t<div class=\"elementor-widget-container\">\n\t\t\t\t\t\t\t\t\t\t\t\t\t\t\t<img decoding=\"async\" width=\"1\" height=\"1\" src=\"https:\/\/safire-consortium.org\/wp-content\/uploads\/2024\/10\/map-mission.svg\" class=\"attachment-large size-large wp-image-630\" alt=\"\" \/>\t\t\t\t\t\t\t\t\t\t\t\t\t\t\t<\/div>\n\t\t\t\t<\/div>\n\t\t\t\t<\/div>\n\t\t\t\t\t<\/div>\n\t\t\t\t<\/div>\n\t\t<div class=\"elementor-element elementor-element-e7f88a4 e-flex e-con-boxed e-con e-parent\" data-id=\"e7f88a4\" data-element_type=\"container\">\n\t\t\t\t\t<div class=\"e-con-inner\">\n\t\t<div class=\"elementor-element elementor-element-344dd67 e-con-full e-flex e-con e-child\" data-id=\"344dd67\" data-element_type=\"container\" data-settings=\"{&quot;background_background&quot;:&quot;classic&quot;}\">\n\t\t\t\t<\/div>\n\t\t<div class=\"elementor-element elementor-element-82f349e e-con-full e-flex e-con e-child\" data-id=\"82f349e\" data-element_type=\"container\">\n\t\t\t\t<div class=\"elementor-element elementor-element-324dcce elementor-widget elementor-widget-heading\" data-id=\"324dcce\" data-element_type=\"widget\" data-widget_type=\"heading.default\">\n\t\t\t\t<div class=\"elementor-widget-container\">\n\t\t\t\t\t<h2 class=\"elementor-heading-title elementor-size-default\">R\u00e9pondre aux besoins des femmes<\/h2>\t\t\t\t<\/div>\n\t\t\t\t<\/div>\n\t\t\t\t<div class=\"elementor-element elementor-element-be3dbdf elementor-widget elementor-widget-text-editor\" data-id=\"be3dbdf\" data-element_type=\"widget\" data-widget_type=\"text-editor.default\">\n\t\t\t\t<div class=\"elementor-widget-container\">\n\t\t\t\t\t\t\t\t\t<p>En s\u2019alignant sur l\u2019approche de l\u2019Organisation Mondiale de la Sant\u00e9 consistant \u00e0 diversifier les traitements de premi\u00e8re intention pour lutter contre la r\u00e9sistance aux antipaludiques, SAFIRE \u00e9valuera et produira des donn\u00e9es probantes quant \u00e0 la s\u00e9curit\u00e9, la tol\u00e9rance et l\u2019efficacit\u00e9 des antipaludiques homologu\u00e9s pour le traitement du paludisme lorsque l\u2019art\u00e9m\u00e9ther-lum\u00e9fantrine (AL) n\u2019est pas le traitement de premi\u00e8re intention.<\/p><p>Les r\u00e9sultats, y compris ceux g\u00e9n\u00e9r\u00e9s par la recherche qualitative, seront int\u00e9gr\u00e9s dans les politiques et les directives, garantissant aux femmes enceintes l\u2019acc\u00e8s aux meilleurs choix de traitement contre le paludisme au cours des premiers mois de grossesse.<\/p>\t\t\t\t\t\t\t\t<\/div>\n\t\t\t\t<\/div>\n\t\t\t\t<div class=\"elementor-element elementor-element-ac6b77d elementor-widget elementor-widget-button\" data-id=\"ac6b77d\" data-element_type=\"widget\" data-widget_type=\"button.default\">\n\t\t\t\t<div class=\"elementor-widget-container\">\n\t\t\t\t\t\t\t\t\t<div class=\"elementor-button-wrapper\">\n\t\t\t\t\t<a class=\"elementor-button elementor-button-link elementor-size-sm\" href=\"https:\/\/safire-consortium.org\/our-impact\/\">\n\t\t\t\t\t\t<span class=\"elementor-button-content-wrapper\">\n\t\t\t\t\t\t\t\t\t<span class=\"elementor-button-text\">D\u00e9couvrez notre impact<\/span>\n\t\t\t\t\t<\/span>\n\t\t\t\t\t<\/a>\n\t\t\t\t<\/div>\n\t\t\t\t\t\t\t\t<\/div>\n\t\t\t\t<\/div>\n\t\t\t\t<\/div>\n\t\t\t\t\t<\/div>\n\t\t\t\t<\/div>\n\t\t<div class=\"elementor-element elementor-element-6466647 e-flex e-con-boxed e-con e-parent\" data-id=\"6466647\" data-element_type=\"container\" data-settings=\"{&quot;background_background&quot;:&quot;classic&quot;}\">\n\t\t\t\t\t<div class=\"e-con-inner\">\n\t\t\t\t<div class=\"elementor-element elementor-element-d0ddda8 e-transform elementor-widget elementor-widget-video\" data-id=\"d0ddda8\" data-element_type=\"widget\" data-settings=\"{&quot;youtube_url&quot;:&quot;https:\\\/\\\/www.youtube.com\\\/watch?v=f3tl6VIMCkg&amp;ab_channel=MedicinesforMalariaVenture(MMV)&amp;themeRefresh=1&quot;,&quot;_transform_translateX_effect&quot;:{&quot;unit&quot;:&quot;%&quot;,&quot;size&quot;:&quot;&quot;,&quot;sizes&quot;:[]},&quot;_transform_translateX_effect_laptop&quot;:{&quot;unit&quot;:&quot;%&quot;,&quot;size&quot;:&quot;&quot;,&quot;sizes&quot;:[]},&quot;_transform_translateX_effect_tablet&quot;:{&quot;unit&quot;:&quot;%&quot;,&quot;size&quot;:&quot;&quot;,&quot;sizes&quot;:[]},&quot;_transform_translateX_effect_mobile&quot;:{&quot;unit&quot;:&quot;%&quot;,&quot;size&quot;:&quot;&quot;,&quot;sizes&quot;:[]},&quot;_transform_translateY_effect&quot;:{&quot;unit&quot;:&quot;px&quot;,&quot;size&quot;:100,&quot;sizes&quot;:[]},&quot;_transform_translateY_effect_laptop&quot;:{&quot;unit&quot;:&quot;%&quot;,&quot;size&quot;:&quot;&quot;,&quot;sizes&quot;:[]},&quot;_transform_translateY_effect_tablet&quot;:{&quot;unit&quot;:&quot;%&quot;,&quot;size&quot;:&quot;&quot;,&quot;sizes&quot;:[]},&quot;_transform_translateY_effect_mobile&quot;:{&quot;unit&quot;:&quot;%&quot;,&quot;size&quot;:&quot;&quot;,&quot;sizes&quot;:[]},&quot;video_type&quot;:&quot;youtube&quot;,&quot;controls&quot;:&quot;yes&quot;,&quot;_transform_translateX_effect_widescreen&quot;:{&quot;unit&quot;:&quot;px&quot;,&quot;size&quot;:&quot;&quot;,&quot;sizes&quot;:[]},&quot;_transform_translateY_effect_widescreen&quot;:{&quot;unit&quot;:&quot;px&quot;,&quot;size&quot;:&quot;&quot;,&quot;sizes&quot;:[]}}\" data-widget_type=\"video.default\">\n\t\t\t\t<div class=\"elementor-widget-container\">\n\t\t\t\t\t\t\t<div class=\"elementor-wrapper elementor-open-inline\">\n\t\t\t<div class=\"elementor-video\"><\/div>\t\t<\/div>\n\t\t\t\t\t\t<\/div>\n\t\t\t\t<\/div>\n\t\t\t\t\t<\/div>\n\t\t\t\t<\/div>\n\t\t\t\t<\/div>\n\t\t","protected":false},"excerpt":{"rendered":"<p>SAFIRE mission Chaque ann\u00e9e, plus de 35 millions de grossesses surviennent dans des r\u00e9gions de transmission mod\u00e9r\u00e9e \u00e0 \u00e9lev\u00e9e du paludisme, et plus de 7 millions de grossesses exposent la m\u00e8re et le nouveau-n\u00e9 au paludisme. Cependant, les grossesses du premier trimestre sont g\u00e9n\u00e9ralement exclues des essais cliniques, ce qui rend les nouveaux antipaludiques indisponibles [&hellip;]<\/p>\n","protected":false},"author":1,"featured_media":0,"parent":0,"menu_order":1,"comment_status":"closed","ping_status":"closed","template":"elementor_header_footer","meta":{"_acf_changed":false,"footnotes":""},"class_list":["post-1011","page","type-page","status-publish","hentry"],"acf":[],"yoast_head":"<!-- This site is optimized with the Yoast SEO plugin v24.2 - https:\/\/yoast.com\/wordpress\/plugins\/seo\/ -->\n<title>Mission SAFIRE - SAFIRE - Safety of Antimalarials in FIRst trimEster<\/title>\n<meta name=\"robots\" content=\"index, follow, max-snippet:-1, max-image-preview:large, max-video-preview:-1\" \/>\n<link rel=\"canonical\" href=\"https:\/\/safire-consortium.org\/about\/safire-mission\/\" \/>\n<meta property=\"og:locale\" content=\"fr_FR\" \/>\n<meta property=\"og:type\" content=\"article\" \/>\n<meta property=\"og:title\" content=\"Mission SAFIRE - SAFIRE - Safety of Antimalarials in FIRst trimEster\" \/>\n<meta property=\"og:description\" content=\"SAFIRE mission Chaque ann\u00e9e, plus de 35 millions de grossesses surviennent dans des r\u00e9gions de transmission mod\u00e9r\u00e9e \u00e0 \u00e9lev\u00e9e du paludisme, et plus de 7 millions de grossesses exposent la m\u00e8re et le nouveau-n\u00e9 au paludisme. Cependant, les grossesses du premier trimestre sont g\u00e9n\u00e9ralement exclues des essais cliniques, ce qui rend les nouveaux antipaludiques indisponibles [&hellip;]\" \/>\n<meta property=\"og:url\" content=\"https:\/\/safire-consortium.org\/about\/safire-mission\/\" \/>\n<meta property=\"og:site_name\" content=\"SAFIRE\" \/>\n<meta property=\"article:modified_time\" content=\"2024-11-27T16:13:08+00:00\" \/>\n<meta name=\"twitter:card\" content=\"summary_large_image\" \/>\n<meta name=\"twitter:label1\" content=\"Dur\u00e9e de lecture estim\u00e9e\" \/>\n\t<meta name=\"twitter:data1\" content=\"2 minutes\" \/>\n<script type=\"application\/ld+json\" class=\"yoast-schema-graph\">{\"@context\":\"https:\/\/schema.org\",\"@graph\":[{\"@type\":\"WebPage\",\"@id\":\"https:\/\/safire-consortium.org\/about\/safire-mission\/\",\"url\":\"https:\/\/safire-consortium.org\/about\/safire-mission\/\",\"name\":\"Mission SAFIRE - SAFIRE - Safety of Antimalarials in FIRst trimEster\",\"isPartOf\":{\"@id\":\"https:\/\/safire-consortium.org\/#website\"},\"primaryImageOfPage\":{\"@id\":\"https:\/\/safire-consortium.org\/about\/safire-mission\/#primaryimage\"},\"image\":{\"@id\":\"https:\/\/safire-consortium.org\/about\/safire-mission\/#primaryimage\"},\"thumbnailUrl\":\"https:\/\/safire-consortium.org\/wp-content\/uploads\/2024\/10\/map-mission.svg\",\"datePublished\":\"2024-09-30T14:16:25+00:00\",\"dateModified\":\"2024-11-27T16:13:08+00:00\",\"breadcrumb\":{\"@id\":\"https:\/\/safire-consortium.org\/about\/safire-mission\/#breadcrumb\"},\"inLanguage\":\"fr-FR\",\"potentialAction\":[{\"@type\":\"ReadAction\",\"target\":[\"https:\/\/safire-consortium.org\/about\/safire-mission\/\"]}]},{\"@type\":\"ImageObject\",\"inLanguage\":\"fr-FR\",\"@id\":\"https:\/\/safire-consortium.org\/about\/safire-mission\/#primaryimage\",\"url\":\"https:\/\/safire-consortium.org\/wp-content\/uploads\/2024\/10\/map-mission.svg\",\"contentUrl\":\"https:\/\/safire-consortium.org\/wp-content\/uploads\/2024\/10\/map-mission.svg\"},{\"@type\":\"BreadcrumbList\",\"@id\":\"https:\/\/safire-consortium.org\/about\/safire-mission\/#breadcrumb\",\"itemListElement\":[{\"@type\":\"ListItem\",\"position\":1,\"name\":\"Home\",\"item\":\"https:\/\/safire-consortium.org\/fr\/\"},{\"@type\":\"ListItem\",\"position\":2,\"name\":\"Mission SAFIRE\"}]},{\"@type\":\"WebSite\",\"@id\":\"https:\/\/safire-consortium.org\/#website\",\"url\":\"https:\/\/safire-consortium.org\/\",\"name\":\"SAFIRE\",\"description\":\"Safety of Antimalarials in FIRst trimEster\",\"publisher\":{\"@id\":\"https:\/\/safire-consortium.org\/#organization\"},\"potentialAction\":[{\"@type\":\"SearchAction\",\"target\":{\"@type\":\"EntryPoint\",\"urlTemplate\":\"https:\/\/safire-consortium.org\/?s={search_term_string}\"},\"query-input\":{\"@type\":\"PropertyValueSpecification\",\"valueRequired\":true,\"valueName\":\"search_term_string\"}}],\"inLanguage\":\"fr-FR\"},{\"@type\":\"Organization\",\"@id\":\"https:\/\/safire-consortium.org\/#organization\",\"name\":\"SAFIRE\",\"url\":\"https:\/\/safire-consortium.org\/\",\"logo\":{\"@type\":\"ImageObject\",\"inLanguage\":\"fr-FR\",\"@id\":\"https:\/\/safire-consortium.org\/#\/schema\/logo\/image\/\",\"url\":\"https:\/\/safire-consortium.org\/wp-content\/uploads\/2024\/09\/safire_logo.svg\",\"contentUrl\":\"https:\/\/safire-consortium.org\/wp-content\/uploads\/2024\/09\/safire_logo.svg\",\"caption\":\"SAFIRE\"},\"image\":{\"@id\":\"https:\/\/safire-consortium.org\/#\/schema\/logo\/image\/\"}}]}<\/script>\n<!-- \/ Yoast SEO plugin. -->","yoast_head_json":{"title":"Mission SAFIRE - SAFIRE - Safety of Antimalarials in FIRst trimEster","robots":{"index":"index","follow":"follow","max-snippet":"max-snippet:-1","max-image-preview":"max-image-preview:large","max-video-preview":"max-video-preview:-1"},"canonical":"https:\/\/safire-consortium.org\/about\/safire-mission\/","og_locale":"fr_FR","og_type":"article","og_title":"Mission SAFIRE - SAFIRE - Safety of Antimalarials in FIRst trimEster","og_description":"SAFIRE mission Chaque ann\u00e9e, plus de 35 millions de grossesses surviennent dans des r\u00e9gions de transmission mod\u00e9r\u00e9e \u00e0 \u00e9lev\u00e9e du paludisme, et plus de 7 millions de grossesses exposent la m\u00e8re et le nouveau-n\u00e9 au paludisme. Cependant, les grossesses du premier trimestre sont g\u00e9n\u00e9ralement exclues des essais cliniques, ce qui rend les nouveaux antipaludiques indisponibles [&hellip;]","og_url":"https:\/\/safire-consortium.org\/about\/safire-mission\/","og_site_name":"SAFIRE","article_modified_time":"2024-11-27T16:13:08+00:00","twitter_card":"summary_large_image","twitter_misc":{"Dur\u00e9e de lecture estim\u00e9e":"2 minutes"},"schema":{"@context":"https:\/\/schema.org","@graph":[{"@type":"WebPage","@id":"https:\/\/safire-consortium.org\/about\/safire-mission\/","url":"https:\/\/safire-consortium.org\/about\/safire-mission\/","name":"Mission SAFIRE - SAFIRE - Safety of Antimalarials in FIRst trimEster","isPartOf":{"@id":"https:\/\/safire-consortium.org\/#website"},"primaryImageOfPage":{"@id":"https:\/\/safire-consortium.org\/about\/safire-mission\/#primaryimage"},"image":{"@id":"https:\/\/safire-consortium.org\/about\/safire-mission\/#primaryimage"},"thumbnailUrl":"https:\/\/safire-consortium.org\/wp-content\/uploads\/2024\/10\/map-mission.svg","datePublished":"2024-09-30T14:16:25+00:00","dateModified":"2024-11-27T16:13:08+00:00","breadcrumb":{"@id":"https:\/\/safire-consortium.org\/about\/safire-mission\/#breadcrumb"},"inLanguage":"fr-FR","potentialAction":[{"@type":"ReadAction","target":["https:\/\/safire-consortium.org\/about\/safire-mission\/"]}]},{"@type":"ImageObject","inLanguage":"fr-FR","@id":"https:\/\/safire-consortium.org\/about\/safire-mission\/#primaryimage","url":"https:\/\/safire-consortium.org\/wp-content\/uploads\/2024\/10\/map-mission.svg","contentUrl":"https:\/\/safire-consortium.org\/wp-content\/uploads\/2024\/10\/map-mission.svg"},{"@type":"BreadcrumbList","@id":"https:\/\/safire-consortium.org\/about\/safire-mission\/#breadcrumb","itemListElement":[{"@type":"ListItem","position":1,"name":"Home","item":"https:\/\/safire-consortium.org\/fr\/"},{"@type":"ListItem","position":2,"name":"Mission SAFIRE"}]},{"@type":"WebSite","@id":"https:\/\/safire-consortium.org\/#website","url":"https:\/\/safire-consortium.org\/","name":"SAFIRE","description":"Safety of Antimalarials in FIRst trimEster","publisher":{"@id":"https:\/\/safire-consortium.org\/#organization"},"potentialAction":[{"@type":"SearchAction","target":{"@type":"EntryPoint","urlTemplate":"https:\/\/safire-consortium.org\/?s={search_term_string}"},"query-input":{"@type":"PropertyValueSpecification","valueRequired":true,"valueName":"search_term_string"}}],"inLanguage":"fr-FR"},{"@type":"Organization","@id":"https:\/\/safire-consortium.org\/#organization","name":"SAFIRE","url":"https:\/\/safire-consortium.org\/","logo":{"@type":"ImageObject","inLanguage":"fr-FR","@id":"https:\/\/safire-consortium.org\/#\/schema\/logo\/image\/","url":"https:\/\/safire-consortium.org\/wp-content\/uploads\/2024\/09\/safire_logo.svg","contentUrl":"https:\/\/safire-consortium.org\/wp-content\/uploads\/2024\/09\/safire_logo.svg","caption":"SAFIRE"},"image":{"@id":"https:\/\/safire-consortium.org\/#\/schema\/logo\/image\/"}}]}},"_links":{"self":[{"href":"https:\/\/safire-consortium.org\/fr\/wp-json\/wp\/v2\/pages\/1011","targetHints":{"allow":["GET"]}}],"collection":[{"href":"https:\/\/safire-consortium.org\/fr\/wp-json\/wp\/v2\/pages"}],"about":[{"href":"https:\/\/safire-consortium.org\/fr\/wp-json\/wp\/v2\/types\/page"}],"author":[{"embeddable":true,"href":"https:\/\/safire-consortium.org\/fr\/wp-json\/wp\/v2\/users\/1"}],"replies":[{"embeddable":true,"href":"https:\/\/safire-consortium.org\/fr\/wp-json\/wp\/v2\/comments?post=1011"}],"version-history":[{"count":16,"href":"https:\/\/safire-consortium.org\/fr\/wp-json\/wp\/v2\/pages\/1011\/revisions"}],"predecessor-version":[{"id":1531,"href":"https:\/\/safire-consortium.org\/fr\/wp-json\/wp\/v2\/pages\/1011\/revisions\/1531"}],"wp:attachment":[{"href":"https:\/\/safire-consortium.org\/fr\/wp-json\/wp\/v2\/media?parent=1011"}],"curies":[{"name":"wp","href":"https:\/\/api.w.org\/{rel}","templated":true}]}}