{"id":1023,"date":"2024-10-25T07:23:46","date_gmt":"2024-10-25T07:23:46","guid":{"rendered":"https:\/\/safire-consortium.org\/funders\/"},"modified":"2025-01-16T14:57:05","modified_gmt":"2025-01-16T14:57:05","slug":"bailleurs-de-fonds","status":"publish","type":"page","link":"https:\/\/safire-consortium.org\/fr\/bailleurs-de-fonds\/","title":{"rendered":"Bailleurs de fonds"},"content":{"rendered":"\t\t<div data-elementor-type=\"wp-page\" data-elementor-id=\"1023\" class=\"elementor elementor-1023 elementor-813\" data-elementor-post-type=\"page\">\n\t\t\t\t<div class=\"elementor-element elementor-element-b917684 e-flex e-con-boxed e-con e-parent\" data-id=\"b917684\" data-element_type=\"container\" data-settings=\"{&quot;background_background&quot;:&quot;classic&quot;}\">\n\t\t\t\t\t<div class=\"e-con-inner\">\n\t\t<div class=\"elementor-element elementor-element-3fc7d39 e-con-full e-flex e-con e-child\" data-id=\"3fc7d39\" data-element_type=\"container\" data-settings=\"{&quot;background_background&quot;:&quot;classic&quot;}\">\n\t\t\t\t<div class=\"elementor-element elementor-element-fb9a428 elementor-widget elementor-widget-heading\" data-id=\"fb9a428\" data-element_type=\"widget\" data-widget_type=\"heading.default\">\n\t\t\t\t<div class=\"elementor-widget-container\">\n\t\t\t\t\t<h2 class=\"elementor-heading-title elementor-size-default\">SAFIRE donateurs<\/h2>\t\t\t\t<\/div>\n\t\t\t\t<\/div>\n\t\t\t\t<div class=\"elementor-element elementor-element-d9da64c elementor-widget elementor-widget-text-editor\" data-id=\"d9da64c\" data-element_type=\"widget\" data-widget_type=\"text-editor.default\">\n\t\t\t\t<div class=\"elementor-widget-container\">\n\t\t\t\t\t\t\t\t\t<p>Le projet SAFIRE, d&rsquo;une dur\u00e9e de 4,5 ans, qui se d\u00e9roule de juin 2024 \u00e0 novembre 2028, est financ\u00e9 par le Partenariat Europe-Pays en D\u00e9veloppement pour les Essais Cliniques 3 (EDCTP3), l&rsquo;Union Europ\u00e9enne et le Secr\u00e9tariat d&rsquo;\u00c9tat suisse \u00e0 la formation, \u00e0 la Recherche et \u00e0 l&rsquo;Innovation (SERI).<\/p>\t\t\t\t\t\t\t\t<\/div>\n\t\t\t\t<\/div>\n\t\t\t\t<\/div>\n\t\t<div class=\"elementor-element elementor-element-5a41400 e-con-full e-flex e-con e-child\" data-id=\"5a41400\" data-element_type=\"container\">\n\t\t<div class=\"elementor-element elementor-element-d2d9588 e-grid e-con-full e-con e-child\" data-id=\"d2d9588\" data-element_type=\"container\">\n\t\t<div class=\"elementor-element elementor-element-74450be card-wrapper e-flex e-con-boxed e-con e-child\" data-id=\"74450be\" data-element_type=\"container\" data-settings=\"{&quot;background_background&quot;:&quot;classic&quot;}\">\n\t\t\t\t\t<div class=\"e-con-inner\">\n\t\t<div class=\"elementor-element elementor-element-e8e7873 e-con-full e-flex e-con e-child\" data-id=\"e8e7873\" data-element_type=\"container\" data-settings=\"{&quot;background_background&quot;:&quot;classic&quot;}\">\n\t\t\t\t<div class=\"elementor-element elementor-element-868e155 elementor-widget elementor-widget-image\" data-id=\"868e155\" data-element_type=\"widget\" data-widget_type=\"image.default\">\n\t\t\t\t<div class=\"elementor-widget-container\">\n\t\t\t\t\t\t\t\t\t\t\t\t\t\t\t\t<a href=\"https:\/\/www.global-health-edctp3.europa.eu\/index_en\" target=\"_blank\">\n\t\t\t\t\t\t\t<img fetchpriority=\"high\" decoding=\"async\" width=\"1200\" height=\"587\" src=\"https:\/\/safire-consortium.org\/wp-content\/uploads\/2024\/11\/Group-19423.jpg\" class=\"attachment-full size-full wp-image-1359\" alt=\"\" srcset=\"https:\/\/safire-consortium.org\/wp-content\/uploads\/2024\/11\/Group-19423.jpg 1200w, https:\/\/safire-consortium.org\/wp-content\/uploads\/2024\/11\/Group-19423-300x147.jpg 300w, https:\/\/safire-consortium.org\/wp-content\/uploads\/2024\/11\/Group-19423-1024x501.jpg 1024w, https:\/\/safire-consortium.org\/wp-content\/uploads\/2024\/11\/Group-19423-768x376.jpg 768w\" sizes=\"(max-width: 1200px) 100vw, 1200px\" \/>\t\t\t\t\t\t\t\t<\/a>\n\t\t\t\t\t\t\t\t\t\t\t\t\t\t\t<\/div>\n\t\t\t\t<\/div>\n\t\t\t\t<div class=\"elementor-element elementor-element-0487c12 card-link elementor-widget elementor-widget-button\" data-id=\"0487c12\" data-element_type=\"widget\" data-widget_type=\"button.default\">\n\t\t\t\t<div class=\"elementor-widget-container\">\n\t\t\t\t\t\t\t\t\t<div class=\"elementor-button-wrapper\">\n\t\t\t\t\t<a class=\"elementor-button elementor-button-link elementor-size-sm\" href=\"https:\/\/www.global-health-edctp3.europa.eu\/index_en\" target=\"_blank\" rel=\"nofollow\">\n\t\t\t\t\t\t<span class=\"elementor-button-content-wrapper\">\n\t\t\t\t\t\t<span class=\"elementor-button-icon\">\n\t\t\t\t<svg xmlns=\"http:\/\/www.w3.org\/2000\/svg\" width=\"24\" height=\"16\" viewBox=\"0 0 24 16\"><path d=\"M8,0,6.545,1.455l5.506,5.506H-8V9.039H12.052L6.545,14.545,8,16l8-8Z\" transform=\"translate(8)\" fill=\"currentColor\"><\/path><\/svg>\t\t\t<\/span>\n\t\t\t\t\t\t\t\t<\/span>\n\t\t\t\t\t<\/a>\n\t\t\t\t<\/div>\n\t\t\t\t\t\t\t\t<\/div>\n\t\t\t\t<\/div>\n\t\t\t\t<\/div>\n\t\t\t\t\t<\/div>\n\t\t\t\t<\/div>\n\t\t<div class=\"elementor-element elementor-element-d10bbd3 card-wrapper e-con-full e-flex e-con e-child\" data-id=\"d10bbd3\" data-element_type=\"container\" data-settings=\"{&quot;background_background&quot;:&quot;classic&quot;}\">\n\t\t<div class=\"elementor-element elementor-element-590f802 e-con-full e-flex e-con e-child\" data-id=\"590f802\" data-element_type=\"container\" data-settings=\"{&quot;background_background&quot;:&quot;classic&quot;}\">\n\t\t\t\t<div class=\"elementor-element elementor-element-2cb9c35 elementor-widget elementor-widget-image\" data-id=\"2cb9c35\" data-element_type=\"widget\" data-widget_type=\"image.default\">\n\t\t\t\t<div class=\"elementor-widget-container\">\n\t\t\t\t\t\t\t\t\t\t\t\t\t\t\t\t<a href=\"https:\/\/www.sbfi.admin.ch\/sbfi\/en\/home.html\">\n\t\t\t\t\t\t\t<img decoding=\"async\" width=\"1200\" height=\"587\" src=\"https:\/\/safire-consortium.org\/wp-content\/uploads\/2024\/11\/Group-19424.jpg\" class=\"attachment-full size-full wp-image-1361\" alt=\"\" srcset=\"https:\/\/safire-consortium.org\/wp-content\/uploads\/2024\/11\/Group-19424.jpg 1200w, https:\/\/safire-consortium.org\/wp-content\/uploads\/2024\/11\/Group-19424-300x147.jpg 300w, https:\/\/safire-consortium.org\/wp-content\/uploads\/2024\/11\/Group-19424-1024x501.jpg 1024w, https:\/\/safire-consortium.org\/wp-content\/uploads\/2024\/11\/Group-19424-768x376.jpg 768w\" sizes=\"(max-width: 1200px) 100vw, 1200px\" \/>\t\t\t\t\t\t\t\t<\/a>\n\t\t\t\t\t\t\t\t\t\t\t\t\t\t\t<\/div>\n\t\t\t\t<\/div>\n\t\t\t\t<div class=\"elementor-element elementor-element-ef10e14 card-link elementor-widget elementor-widget-button\" data-id=\"ef10e14\" data-element_type=\"widget\" data-widget_type=\"button.default\">\n\t\t\t\t<div class=\"elementor-widget-container\">\n\t\t\t\t\t\t\t\t\t<div class=\"elementor-button-wrapper\">\n\t\t\t\t\t<a class=\"elementor-button elementor-button-link elementor-size-sm\" href=\"https:\/\/www.sbfi.admin.ch\/sbfi\/en\/home.html\" target=\"_blank\" rel=\"nofollow\">\n\t\t\t\t\t\t<span class=\"elementor-button-content-wrapper\">\n\t\t\t\t\t\t<span class=\"elementor-button-icon\">\n\t\t\t\t<svg xmlns=\"http:\/\/www.w3.org\/2000\/svg\" width=\"24\" height=\"16\" viewBox=\"0 0 24 16\"><path d=\"M8,0,6.545,1.455l5.506,5.506H-8V9.039H12.052L6.545,14.545,8,16l8-8Z\" transform=\"translate(8)\" fill=\"currentColor\"><\/path><\/svg>\t\t\t<\/span>\n\t\t\t\t\t\t\t\t<\/span>\n\t\t\t\t\t<\/a>\n\t\t\t\t<\/div>\n\t\t\t\t\t\t\t\t<\/div>\n\t\t\t\t<\/div>\n\t\t\t\t<\/div>\n\t\t\t\t<\/div>\n\t\t<div class=\"elementor-element elementor-element-5d86b6f card-wrapper e-con-full e-flex e-con e-child\" data-id=\"5d86b6f\" data-element_type=\"container\" data-settings=\"{&quot;background_background&quot;:&quot;classic&quot;}\">\n\t\t<div class=\"elementor-element elementor-element-0b9b080 e-con-full e-flex e-con e-child\" data-id=\"0b9b080\" data-element_type=\"container\" data-settings=\"{&quot;background_background&quot;:&quot;classic&quot;}\">\n\t\t\t\t<div class=\"elementor-element elementor-element-feb6815 elementor-widget elementor-widget-image\" data-id=\"feb6815\" data-element_type=\"widget\" data-widget_type=\"image.default\">\n\t\t\t\t<div class=\"elementor-widget-container\">\n\t\t\t\t\t\t\t\t\t\t\t\t\t\t\t\t<a href=\"https:\/\/www.ukri.org\/\">\n\t\t\t\t\t\t\t<img decoding=\"async\" width=\"1\" height=\"1\" src=\"https:\/\/safire-consortium.org\/wp-content\/uploads\/2024\/11\/UKRI-RGB.svg\" class=\"attachment-large size-large wp-image-1484\" alt=\"\" \/>\t\t\t\t\t\t\t\t<\/a>\n\t\t\t\t\t\t\t\t\t\t\t\t\t\t\t<\/div>\n\t\t\t\t<\/div>\n\t\t\t\t<\/div>\n\t\t\t\t<\/div>\n\t\t\t\t<\/div>\n\t\t\t\t<\/div>\n\t\t<div class=\"elementor-element elementor-element-21632fd e-con-full e-flex e-con e-child\" data-id=\"21632fd\" data-element_type=\"container\" data-settings=\"{&quot;background_background&quot;:&quot;classic&quot;}\">\n\t\t\t\t<div class=\"elementor-element elementor-element-99354ae elementor-widget elementor-widget-text-editor\" data-id=\"99354ae\" data-element_type=\"widget\" data-widget_type=\"text-editor.default\">\n\t\t\t\t<div class=\"elementor-widget-container\">\n\t\t\t\t\t\t\t\t\t<p>Clause de non-responsabilit\u00e9 concernant la qualit\u00e9 des informations\u202f: Financement par l&rsquo;Union europ\u00e9enne, dans le cadre de l&rsquo;entreprise commune EDCTP3 pour la sant\u00e9 mondiale. Les points de vue et opinions exprim\u00e9s n&rsquo;engagent que leurs auteurs et ne refl\u00e8tent pas n\u00e9cessairement ceux de l\u2019EDCTP3 ou de ses membres. Les parties susmentionn\u00e9es d\u00e9clinent toute responsabilit\u00e9 quant \u00e0 ces contenus.\u00a0<\/p>\t\t\t\t\t\t\t\t<\/div>\n\t\t\t\t<\/div>\n\t\t\t\t<\/div>\n\t\t\t\t\t<\/div>\n\t\t\t\t<\/div>\n\t\t\t\t<\/div>\n\t\t","protected":false},"excerpt":{"rendered":"<p>SAFIRE donateurs Le projet SAFIRE, d&rsquo;une dur\u00e9e de 4,5 ans, qui se d\u00e9roule de juin 2024 \u00e0 novembre 2028, est financ\u00e9 par le Partenariat Europe-Pays en D\u00e9veloppement pour les Essais Cliniques 3 (EDCTP3), l&rsquo;Union Europ\u00e9enne et le Secr\u00e9tariat d&rsquo;\u00c9tat suisse \u00e0 la formation, \u00e0 la Recherche et \u00e0 l&rsquo;Innovation (SERI). Clause de non-responsabilit\u00e9 concernant la [&hellip;]<\/p>\n","protected":false},"author":1,"featured_media":0,"parent":0,"menu_order":0,"comment_status":"closed","ping_status":"closed","template":"elementor_header_footer","meta":{"_acf_changed":false,"footnotes":""},"class_list":["post-1023","page","type-page","status-publish","hentry"],"acf":[],"yoast_head":"<!-- This site is optimized with the Yoast SEO plugin v24.2 - https:\/\/yoast.com\/wordpress\/plugins\/seo\/ -->\n<title>Bailleurs de fonds - SAFIRE - Safety of Antimalarials in FIRst trimEster<\/title>\n<meta name=\"robots\" content=\"index, follow, max-snippet:-1, max-image-preview:large, max-video-preview:-1\" \/>\n<link rel=\"canonical\" href=\"https:\/\/safire-consortium.org\/fr\/bailleurs-de-fonds\/\" \/>\n<meta property=\"og:locale\" content=\"fr_FR\" \/>\n<meta property=\"og:type\" content=\"article\" \/>\n<meta property=\"og:title\" content=\"Bailleurs de fonds - SAFIRE - Safety of Antimalarials in FIRst trimEster\" \/>\n<meta property=\"og:description\" content=\"SAFIRE donateurs Le projet SAFIRE, d&rsquo;une dur\u00e9e de 4,5 ans, qui se d\u00e9roule de juin 2024 \u00e0 novembre 2028, est financ\u00e9 par le Partenariat Europe-Pays en D\u00e9veloppement pour les Essais Cliniques 3 (EDCTP3), l&rsquo;Union Europ\u00e9enne et le Secr\u00e9tariat d&rsquo;\u00c9tat suisse \u00e0 la formation, \u00e0 la Recherche et \u00e0 l&rsquo;Innovation (SERI). Clause de non-responsabilit\u00e9 concernant la [&hellip;]\" \/>\n<meta property=\"og:url\" content=\"https:\/\/safire-consortium.org\/fr\/bailleurs-de-fonds\/\" \/>\n<meta property=\"og:site_name\" content=\"SAFIRE\" \/>\n<meta property=\"article:modified_time\" content=\"2025-01-16T14:57:05+00:00\" \/>\n<meta property=\"og:image\" content=\"https:\/\/safire-consortium.org\/wp-content\/uploads\/2024\/11\/Group-19423.jpg\" \/>\n\t<meta property=\"og:image:width\" content=\"1200\" \/>\n\t<meta property=\"og:image:height\" content=\"587\" \/>\n\t<meta property=\"og:image:type\" content=\"image\/jpeg\" \/>\n<meta name=\"twitter:card\" content=\"summary_large_image\" \/>\n<meta name=\"twitter:label1\" content=\"Dur\u00e9e de lecture estim\u00e9e\" \/>\n\t<meta name=\"twitter:data1\" content=\"2 minutes\" \/>\n<script type=\"application\/ld+json\" class=\"yoast-schema-graph\">{\"@context\":\"https:\/\/schema.org\",\"@graph\":[{\"@type\":\"WebPage\",\"@id\":\"https:\/\/safire-consortium.org\/fr\/bailleurs-de-fonds\/\",\"url\":\"https:\/\/safire-consortium.org\/fr\/bailleurs-de-fonds\/\",\"name\":\"Bailleurs de fonds - SAFIRE - Safety of Antimalarials in FIRst trimEster\",\"isPartOf\":{\"@id\":\"https:\/\/safire-consortium.org\/#website\"},\"primaryImageOfPage\":{\"@id\":\"https:\/\/safire-consortium.org\/fr\/bailleurs-de-fonds\/#primaryimage\"},\"image\":{\"@id\":\"https:\/\/safire-consortium.org\/fr\/bailleurs-de-fonds\/#primaryimage\"},\"thumbnailUrl\":\"https:\/\/safire-consortium.org\/wp-content\/uploads\/2024\/11\/Group-19423.jpg\",\"datePublished\":\"2024-10-25T07:23:46+00:00\",\"dateModified\":\"2025-01-16T14:57:05+00:00\",\"breadcrumb\":{\"@id\":\"https:\/\/safire-consortium.org\/fr\/bailleurs-de-fonds\/#breadcrumb\"},\"inLanguage\":\"fr-FR\",\"potentialAction\":[{\"@type\":\"ReadAction\",\"target\":[\"https:\/\/safire-consortium.org\/fr\/bailleurs-de-fonds\/\"]}]},{\"@type\":\"ImageObject\",\"inLanguage\":\"fr-FR\",\"@id\":\"https:\/\/safire-consortium.org\/fr\/bailleurs-de-fonds\/#primaryimage\",\"url\":\"https:\/\/safire-consortium.org\/wp-content\/uploads\/2024\/11\/Group-19423.jpg\",\"contentUrl\":\"https:\/\/safire-consortium.org\/wp-content\/uploads\/2024\/11\/Group-19423.jpg\"},{\"@type\":\"BreadcrumbList\",\"@id\":\"https:\/\/safire-consortium.org\/fr\/bailleurs-de-fonds\/#breadcrumb\",\"itemListElement\":[{\"@type\":\"ListItem\",\"position\":1,\"name\":\"Home\",\"item\":\"https:\/\/safire-consortium.org\/fr\/\"},{\"@type\":\"ListItem\",\"position\":2,\"name\":\"Bailleurs de fonds\"}]},{\"@type\":\"WebSite\",\"@id\":\"https:\/\/safire-consortium.org\/#website\",\"url\":\"https:\/\/safire-consortium.org\/\",\"name\":\"SAFIRE\",\"description\":\"Safety of Antimalarials in FIRst trimEster\",\"publisher\":{\"@id\":\"https:\/\/safire-consortium.org\/#organization\"},\"potentialAction\":[{\"@type\":\"SearchAction\",\"target\":{\"@type\":\"EntryPoint\",\"urlTemplate\":\"https:\/\/safire-consortium.org\/?s={search_term_string}\"},\"query-input\":{\"@type\":\"PropertyValueSpecification\",\"valueRequired\":true,\"valueName\":\"search_term_string\"}}],\"inLanguage\":\"fr-FR\"},{\"@type\":\"Organization\",\"@id\":\"https:\/\/safire-consortium.org\/#organization\",\"name\":\"SAFIRE\",\"url\":\"https:\/\/safire-consortium.org\/\",\"logo\":{\"@type\":\"ImageObject\",\"inLanguage\":\"fr-FR\",\"@id\":\"https:\/\/safire-consortium.org\/#\/schema\/logo\/image\/\",\"url\":\"https:\/\/safire-consortium.org\/wp-content\/uploads\/2024\/09\/safire_logo.svg\",\"contentUrl\":\"https:\/\/safire-consortium.org\/wp-content\/uploads\/2024\/09\/safire_logo.svg\",\"caption\":\"SAFIRE\"},\"image\":{\"@id\":\"https:\/\/safire-consortium.org\/#\/schema\/logo\/image\/\"}}]}<\/script>\n<!-- \/ Yoast SEO plugin. -->","yoast_head_json":{"title":"Bailleurs de fonds - SAFIRE - Safety of Antimalarials in FIRst trimEster","robots":{"index":"index","follow":"follow","max-snippet":"max-snippet:-1","max-image-preview":"max-image-preview:large","max-video-preview":"max-video-preview:-1"},"canonical":"https:\/\/safire-consortium.org\/fr\/bailleurs-de-fonds\/","og_locale":"fr_FR","og_type":"article","og_title":"Bailleurs de fonds - SAFIRE - Safety of Antimalarials in FIRst trimEster","og_description":"SAFIRE donateurs Le projet SAFIRE, d&rsquo;une dur\u00e9e de 4,5 ans, qui se d\u00e9roule de juin 2024 \u00e0 novembre 2028, est financ\u00e9 par le Partenariat Europe-Pays en D\u00e9veloppement pour les Essais Cliniques 3 (EDCTP3), l&rsquo;Union Europ\u00e9enne et le Secr\u00e9tariat d&rsquo;\u00c9tat suisse \u00e0 la formation, \u00e0 la Recherche et \u00e0 l&rsquo;Innovation (SERI). Clause de non-responsabilit\u00e9 concernant la [&hellip;]","og_url":"https:\/\/safire-consortium.org\/fr\/bailleurs-de-fonds\/","og_site_name":"SAFIRE","article_modified_time":"2025-01-16T14:57:05+00:00","og_image":[{"width":1200,"height":587,"url":"https:\/\/safire-consortium.org\/wp-content\/uploads\/2024\/11\/Group-19423.jpg","type":"image\/jpeg"}],"twitter_card":"summary_large_image","twitter_misc":{"Dur\u00e9e de lecture estim\u00e9e":"2 minutes"},"schema":{"@context":"https:\/\/schema.org","@graph":[{"@type":"WebPage","@id":"https:\/\/safire-consortium.org\/fr\/bailleurs-de-fonds\/","url":"https:\/\/safire-consortium.org\/fr\/bailleurs-de-fonds\/","name":"Bailleurs de fonds - SAFIRE - Safety of Antimalarials in FIRst trimEster","isPartOf":{"@id":"https:\/\/safire-consortium.org\/#website"},"primaryImageOfPage":{"@id":"https:\/\/safire-consortium.org\/fr\/bailleurs-de-fonds\/#primaryimage"},"image":{"@id":"https:\/\/safire-consortium.org\/fr\/bailleurs-de-fonds\/#primaryimage"},"thumbnailUrl":"https:\/\/safire-consortium.org\/wp-content\/uploads\/2024\/11\/Group-19423.jpg","datePublished":"2024-10-25T07:23:46+00:00","dateModified":"2025-01-16T14:57:05+00:00","breadcrumb":{"@id":"https:\/\/safire-consortium.org\/fr\/bailleurs-de-fonds\/#breadcrumb"},"inLanguage":"fr-FR","potentialAction":[{"@type":"ReadAction","target":["https:\/\/safire-consortium.org\/fr\/bailleurs-de-fonds\/"]}]},{"@type":"ImageObject","inLanguage":"fr-FR","@id":"https:\/\/safire-consortium.org\/fr\/bailleurs-de-fonds\/#primaryimage","url":"https:\/\/safire-consortium.org\/wp-content\/uploads\/2024\/11\/Group-19423.jpg","contentUrl":"https:\/\/safire-consortium.org\/wp-content\/uploads\/2024\/11\/Group-19423.jpg"},{"@type":"BreadcrumbList","@id":"https:\/\/safire-consortium.org\/fr\/bailleurs-de-fonds\/#breadcrumb","itemListElement":[{"@type":"ListItem","position":1,"name":"Home","item":"https:\/\/safire-consortium.org\/fr\/"},{"@type":"ListItem","position":2,"name":"Bailleurs de fonds"}]},{"@type":"WebSite","@id":"https:\/\/safire-consortium.org\/#website","url":"https:\/\/safire-consortium.org\/","name":"SAFIRE","description":"Safety of Antimalarials in FIRst trimEster","publisher":{"@id":"https:\/\/safire-consortium.org\/#organization"},"potentialAction":[{"@type":"SearchAction","target":{"@type":"EntryPoint","urlTemplate":"https:\/\/safire-consortium.org\/?s={search_term_string}"},"query-input":{"@type":"PropertyValueSpecification","valueRequired":true,"valueName":"search_term_string"}}],"inLanguage":"fr-FR"},{"@type":"Organization","@id":"https:\/\/safire-consortium.org\/#organization","name":"SAFIRE","url":"https:\/\/safire-consortium.org\/","logo":{"@type":"ImageObject","inLanguage":"fr-FR","@id":"https:\/\/safire-consortium.org\/#\/schema\/logo\/image\/","url":"https:\/\/safire-consortium.org\/wp-content\/uploads\/2024\/09\/safire_logo.svg","contentUrl":"https:\/\/safire-consortium.org\/wp-content\/uploads\/2024\/09\/safire_logo.svg","caption":"SAFIRE"},"image":{"@id":"https:\/\/safire-consortium.org\/#\/schema\/logo\/image\/"}}]}},"_links":{"self":[{"href":"https:\/\/safire-consortium.org\/fr\/wp-json\/wp\/v2\/pages\/1023","targetHints":{"allow":["GET"]}}],"collection":[{"href":"https:\/\/safire-consortium.org\/fr\/wp-json\/wp\/v2\/pages"}],"about":[{"href":"https:\/\/safire-consortium.org\/fr\/wp-json\/wp\/v2\/types\/page"}],"author":[{"embeddable":true,"href":"https:\/\/safire-consortium.org\/fr\/wp-json\/wp\/v2\/users\/1"}],"replies":[{"embeddable":true,"href":"https:\/\/safire-consortium.org\/fr\/wp-json\/wp\/v2\/comments?post=1023"}],"version-history":[{"count":26,"href":"https:\/\/safire-consortium.org\/fr\/wp-json\/wp\/v2\/pages\/1023\/revisions"}],"predecessor-version":[{"id":1710,"href":"https:\/\/safire-consortium.org\/fr\/wp-json\/wp\/v2\/pages\/1023\/revisions\/1710"}],"wp:attachment":[{"href":"https:\/\/safire-consortium.org\/fr\/wp-json\/wp\/v2\/media?parent=1023"}],"curies":[{"name":"wp","href":"https:\/\/api.w.org\/{rel}","templated":true}]}}