{"id":1551,"date":"2024-09-30T13:55:21","date_gmt":"2024-09-30T13:55:21","guid":{"rendered":"https:\/\/safire-consortium.org\/privacy-policy\/"},"modified":"2024-11-28T08:34:58","modified_gmt":"2024-11-28T08:34:58","slug":"privacy-policy","status":"publish","type":"page","link":"https:\/\/safire-consortium.org\/fr\/privacy-policy\/","title":{"rendered":"Politique de confidentialit\u00e9"},"content":{"rendered":"\t\t<div data-elementor-type=\"wp-page\" data-elementor-id=\"1551\" class=\"elementor elementor-1551 elementor-3\" data-elementor-post-type=\"page\">\n\t\t\t\t<div class=\"elementor-element elementor-element-5f514af2 e-flex e-con-boxed e-con e-parent\" data-id=\"5f514af2\" data-element_type=\"container\">\n\t\t\t\t\t<div class=\"e-con-inner\">\n\t\t\t\t<div class=\"elementor-element elementor-element-28e74d66 elementor-widget elementor-widget-text-editor\" data-id=\"28e74d66\" data-element_type=\"widget\" data-widget_type=\"text-editor.default\">\n\t\t\t\t<div class=\"elementor-widget-container\">\n\t\t\t\t\t\t\t\t\t<h3>Avis de non-responsabilit\u00e9 et confidentialit\u00e9<\/h3><p>Nous collectons le minimum d&rsquo;informations vous concernant qui soit proportionnel \u00e0 la fourniture d&rsquo;un service satisfaisant. Cette politique indique le type de processus pouvant entra\u00eener la collecte de donn\u00e9es vous concernant. Votre utilisation de ce site Web nous donne le droit de collecter ces informations.<\/p><h3>Les informations que nous collectons \u00e0 votre sujet<\/h3><p>Nous pouvons collecter tout ou partie des informations que vous nous fournissez en fonction du type de transaction que vous concluez, y compris votre nom, votre adresse, votre num\u00e9ro de t\u00e9l\u00e9phone et votre adresse e-mail, ainsi que des donn\u00e9es sur votre utilisation du site Web. D&rsquo;autres informations qui peuvent \u00eatre n\u00e9cessaires de temps \u00e0 autre pour traiter une demande peuvent \u00e9galement \u00eatre collect\u00e9es comme indiqu\u00e9 sur le site Web.<\/p><h3>Utilisation des informations<\/h3><p>Nous utilisons les informations collect\u00e9es principalement pour traiter la t\u00e2che pour laquelle vous avez visit\u00e9 le site Web. Les donn\u00e9es collect\u00e9es au Royaume-Uni sont conserv\u00e9es conform\u00e9ment \u00e0 la loi sur la protection des donn\u00e9es. Toutes les pr\u00e9cautions raisonnables sont prises pour emp\u00eacher tout acc\u00e8s non autoris\u00e9 \u00e0 ces informations. Cette mesure de protection peut vous obliger \u00e0 fournir des formes d&rsquo;identit\u00e9 suppl\u00e9mentaires si vous souhaitez obtenir des informations sur les d\u00e9tails de votre compte.<\/p><h3>Cookies<\/h3><p>Les cookies sont de petits fichiers texte qu&rsquo;un site Web peut placer sur votre ordinateur ou appareil mobile lorsque vous visitez un site ou une page pour la premi\u00e8re fois. Le cookie aidera le site Web, ou un autre site Web, \u00e0 reconna\u00eetre votre appareil lors de votre prochaine visite.<\/p><p>L&rsquo;utilisation de cookies nous aide \u00e0 vous fournir un meilleur site Web en nous permettant de surveiller les pages que vous trouvez utiles et celles que vous ne trouvez pas utiles. Un cookie ne nous donne en aucun cas acc\u00e8s \u00e0 votre ordinateur ou \u00e0 des informations vous concernant, autres que les donn\u00e9es que vous choisissez de partager avec nous.<\/p><p>Vous avez la possibilit\u00e9 d&#8217;emp\u00eacher votre ordinateur d&rsquo;accepter les cookies, mais si vous le faites, certaines fonctionnalit\u00e9s du site Web peuvent \u00eatre alt\u00e9r\u00e9es. Vous trouverez ci-dessous des informations sur la gestion des cookies dans votre navigateur.<\/p>\t\t\t\t\t\t\t\t<\/div>\n\t\t\t\t<\/div>\n\t\t\t\t\t<\/div>\n\t\t\t\t<\/div>\n\t\t\t\t<\/div>\n\t\t","protected":false},"excerpt":{"rendered":"<p>Avis de non-responsabilit\u00e9 et confidentialit\u00e9 Nous collectons le minimum d&rsquo;informations vous concernant qui soit proportionnel \u00e0 la fourniture d&rsquo;un service satisfaisant. Cette politique indique le type de processus pouvant entra\u00eener la collecte de donn\u00e9es vous concernant. Votre utilisation de ce site Web nous donne le droit de collecter ces informations. Les informations que nous collectons [&hellip;]<\/p>\n","protected":false},"author":1,"featured_media":0,"parent":0,"menu_order":0,"comment_status":"closed","ping_status":"open","template":"elementor_header_footer","meta":{"_acf_changed":false,"footnotes":""},"class_list":["post-1551","page","type-page","status-publish","hentry"],"acf":[],"yoast_head":"<!-- This site is optimized with the Yoast SEO plugin v24.2 - https:\/\/yoast.com\/wordpress\/plugins\/seo\/ -->\n<title>Politique de confidentialit\u00e9 - SAFIRE - Safety of Antimalarials in FIRst trimEster<\/title>\n<meta name=\"robots\" content=\"index, follow, max-snippet:-1, max-image-preview:large, max-video-preview:-1\" \/>\n<link rel=\"canonical\" href=\"https:\/\/safire-consortium.org\/privacy-policy\/\" \/>\n<meta property=\"og:locale\" content=\"fr_FR\" \/>\n<meta property=\"og:type\" content=\"article\" \/>\n<meta property=\"og:title\" content=\"Politique de confidentialit\u00e9 - SAFIRE - Safety of Antimalarials in FIRst trimEster\" \/>\n<meta property=\"og:description\" content=\"Avis de non-responsabilit\u00e9 et confidentialit\u00e9 Nous collectons le minimum d&rsquo;informations vous concernant qui soit proportionnel \u00e0 la fourniture d&rsquo;un service satisfaisant. Cette politique indique le type de processus pouvant entra\u00eener la collecte de donn\u00e9es vous concernant. Votre utilisation de ce site Web nous donne le droit de collecter ces informations. Les informations que nous collectons [&hellip;]\" \/>\n<meta property=\"og:url\" content=\"https:\/\/safire-consortium.org\/privacy-policy\/\" \/>\n<meta property=\"og:site_name\" content=\"SAFIRE\" \/>\n<meta property=\"article:modified_time\" content=\"2024-11-28T08:34:58+00:00\" \/>\n<meta name=\"twitter:card\" content=\"summary_large_image\" \/>\n<meta name=\"twitter:label1\" content=\"Dur\u00e9e de lecture estim\u00e9e\" \/>\n\t<meta name=\"twitter:data1\" content=\"2 minutes\" \/>\n<script type=\"application\/ld+json\" class=\"yoast-schema-graph\">{\"@context\":\"https:\/\/schema.org\",\"@graph\":[{\"@type\":\"WebPage\",\"@id\":\"https:\/\/safire-consortium.org\/privacy-policy\/\",\"url\":\"https:\/\/safire-consortium.org\/privacy-policy\/\",\"name\":\"Politique de confidentialit\u00e9 - SAFIRE - Safety of Antimalarials in FIRst trimEster\",\"isPartOf\":{\"@id\":\"https:\/\/safire-consortium.org\/#website\"},\"datePublished\":\"2024-09-30T13:55:21+00:00\",\"dateModified\":\"2024-11-28T08:34:58+00:00\",\"breadcrumb\":{\"@id\":\"https:\/\/safire-consortium.org\/privacy-policy\/#breadcrumb\"},\"inLanguage\":\"fr-FR\",\"potentialAction\":[{\"@type\":\"ReadAction\",\"target\":[\"https:\/\/safire-consortium.org\/privacy-policy\/\"]}]},{\"@type\":\"BreadcrumbList\",\"@id\":\"https:\/\/safire-consortium.org\/privacy-policy\/#breadcrumb\",\"itemListElement\":[{\"@type\":\"ListItem\",\"position\":1,\"name\":\"Home\",\"item\":\"https:\/\/safire-consortium.org\/fr\/\"},{\"@type\":\"ListItem\",\"position\":2,\"name\":\"Politique de confidentialit\u00e9\"}]},{\"@type\":\"WebSite\",\"@id\":\"https:\/\/safire-consortium.org\/#website\",\"url\":\"https:\/\/safire-consortium.org\/\",\"name\":\"SAFIRE\",\"description\":\"Safety of Antimalarials in FIRst trimEster\",\"publisher\":{\"@id\":\"https:\/\/safire-consortium.org\/#organization\"},\"potentialAction\":[{\"@type\":\"SearchAction\",\"target\":{\"@type\":\"EntryPoint\",\"urlTemplate\":\"https:\/\/safire-consortium.org\/?s={search_term_string}\"},\"query-input\":{\"@type\":\"PropertyValueSpecification\",\"valueRequired\":true,\"valueName\":\"search_term_string\"}}],\"inLanguage\":\"fr-FR\"},{\"@type\":\"Organization\",\"@id\":\"https:\/\/safire-consortium.org\/#organization\",\"name\":\"SAFIRE\",\"url\":\"https:\/\/safire-consortium.org\/\",\"logo\":{\"@type\":\"ImageObject\",\"inLanguage\":\"fr-FR\",\"@id\":\"https:\/\/safire-consortium.org\/#\/schema\/logo\/image\/\",\"url\":\"https:\/\/safire-consortium.org\/wp-content\/uploads\/2024\/09\/safire_logo.svg\",\"contentUrl\":\"https:\/\/safire-consortium.org\/wp-content\/uploads\/2024\/09\/safire_logo.svg\",\"caption\":\"SAFIRE\"},\"image\":{\"@id\":\"https:\/\/safire-consortium.org\/#\/schema\/logo\/image\/\"}}]}<\/script>\n<!-- \/ Yoast SEO plugin. -->","yoast_head_json":{"title":"Politique de confidentialit\u00e9 - SAFIRE - Safety of Antimalarials in FIRst trimEster","robots":{"index":"index","follow":"follow","max-snippet":"max-snippet:-1","max-image-preview":"max-image-preview:large","max-video-preview":"max-video-preview:-1"},"canonical":"https:\/\/safire-consortium.org\/privacy-policy\/","og_locale":"fr_FR","og_type":"article","og_title":"Politique de confidentialit\u00e9 - SAFIRE - Safety of Antimalarials in FIRst trimEster","og_description":"Avis de non-responsabilit\u00e9 et confidentialit\u00e9 Nous collectons le minimum d&rsquo;informations vous concernant qui soit proportionnel \u00e0 la fourniture d&rsquo;un service satisfaisant. Cette politique indique le type de processus pouvant entra\u00eener la collecte de donn\u00e9es vous concernant. Votre utilisation de ce site Web nous donne le droit de collecter ces informations. Les informations que nous collectons [&hellip;]","og_url":"https:\/\/safire-consortium.org\/privacy-policy\/","og_site_name":"SAFIRE","article_modified_time":"2024-11-28T08:34:58+00:00","twitter_card":"summary_large_image","twitter_misc":{"Dur\u00e9e de lecture estim\u00e9e":"2 minutes"},"schema":{"@context":"https:\/\/schema.org","@graph":[{"@type":"WebPage","@id":"https:\/\/safire-consortium.org\/privacy-policy\/","url":"https:\/\/safire-consortium.org\/privacy-policy\/","name":"Politique de confidentialit\u00e9 - SAFIRE - Safety of Antimalarials in FIRst trimEster","isPartOf":{"@id":"https:\/\/safire-consortium.org\/#website"},"datePublished":"2024-09-30T13:55:21+00:00","dateModified":"2024-11-28T08:34:58+00:00","breadcrumb":{"@id":"https:\/\/safire-consortium.org\/privacy-policy\/#breadcrumb"},"inLanguage":"fr-FR","potentialAction":[{"@type":"ReadAction","target":["https:\/\/safire-consortium.org\/privacy-policy\/"]}]},{"@type":"BreadcrumbList","@id":"https:\/\/safire-consortium.org\/privacy-policy\/#breadcrumb","itemListElement":[{"@type":"ListItem","position":1,"name":"Home","item":"https:\/\/safire-consortium.org\/fr\/"},{"@type":"ListItem","position":2,"name":"Politique de confidentialit\u00e9"}]},{"@type":"WebSite","@id":"https:\/\/safire-consortium.org\/#website","url":"https:\/\/safire-consortium.org\/","name":"SAFIRE","description":"Safety of Antimalarials in FIRst trimEster","publisher":{"@id":"https:\/\/safire-consortium.org\/#organization"},"potentialAction":[{"@type":"SearchAction","target":{"@type":"EntryPoint","urlTemplate":"https:\/\/safire-consortium.org\/?s={search_term_string}"},"query-input":{"@type":"PropertyValueSpecification","valueRequired":true,"valueName":"search_term_string"}}],"inLanguage":"fr-FR"},{"@type":"Organization","@id":"https:\/\/safire-consortium.org\/#organization","name":"SAFIRE","url":"https:\/\/safire-consortium.org\/","logo":{"@type":"ImageObject","inLanguage":"fr-FR","@id":"https:\/\/safire-consortium.org\/#\/schema\/logo\/image\/","url":"https:\/\/safire-consortium.org\/wp-content\/uploads\/2024\/09\/safire_logo.svg","contentUrl":"https:\/\/safire-consortium.org\/wp-content\/uploads\/2024\/09\/safire_logo.svg","caption":"SAFIRE"},"image":{"@id":"https:\/\/safire-consortium.org\/#\/schema\/logo\/image\/"}}]}},"_links":{"self":[{"href":"https:\/\/safire-consortium.org\/fr\/wp-json\/wp\/v2\/pages\/1551","targetHints":{"allow":["GET"]}}],"collection":[{"href":"https:\/\/safire-consortium.org\/fr\/wp-json\/wp\/v2\/pages"}],"about":[{"href":"https:\/\/safire-consortium.org\/fr\/wp-json\/wp\/v2\/types\/page"}],"author":[{"embeddable":true,"href":"https:\/\/safire-consortium.org\/fr\/wp-json\/wp\/v2\/users\/1"}],"replies":[{"embeddable":true,"href":"https:\/\/safire-consortium.org\/fr\/wp-json\/wp\/v2\/comments?post=1551"}],"version-history":[{"count":5,"href":"https:\/\/safire-consortium.org\/fr\/wp-json\/wp\/v2\/pages\/1551\/revisions"}],"predecessor-version":[{"id":1566,"href":"https:\/\/safire-consortium.org\/fr\/wp-json\/wp\/v2\/pages\/1551\/revisions\/1566"}],"wp:attachment":[{"href":"https:\/\/safire-consortium.org\/fr\/wp-json\/wp\/v2\/media?parent=1551"}],"curies":[{"name":"wp","href":"https:\/\/api.w.org\/{rel}","templated":true}]}}